{"id":24,"date":"2022-03-24T18:53:02","date_gmt":"2022-03-24T18:53:02","guid":{"rendered":"http:\/\/kiosksentymentalny.pl\/?page_id=24"},"modified":"2023-11-03T15:58:28","modified_gmt":"2023-11-03T15:58:28","slug":"outlet","status":"publish","type":"page","link":"https:\/\/kiosksentymentalny.pl\/index.php\/outlet\/","title":{"rendered":"Sklep"},"content":{"rendered":"\t\t<div data-elementor-type=\"wp-page\" data-elementor-id=\"24\" class=\"elementor elementor-24\">\n\t\t\t\t\t\t<section class=\"elementor-section elementor-top-section elementor-element elementor-element-662cc1b elementor-section-boxed elementor-section-height-default elementor-section-height-default\" data-id=\"662cc1b\" data-element_type=\"section\">\n\t\t\t\t\t\t<div class=\"elementor-container elementor-column-gap-default\">\n\t\t\t\t\t<div class=\"elementor-column elementor-col-100 elementor-top-column elementor-element elementor-element-716eef5\" data-id=\"716eef5\" data-element_type=\"column\">\n\t\t\t<div class=\"elementor-widget-wrap elementor-element-populated\">\n\t\t\t\t\t\t<div class=\"elementor-element elementor-element-693308e elementor-widget elementor-widget-text-editor\" data-id=\"693308e\" data-element_type=\"widget\" data-widget_type=\"text-editor.default\">\n\t\t\t\t\t\t\t\t\t<p style=\"text-align: center;\"><span style=\"font-family: georgia, palatino, serif; color: #000000;\">Chcesz <strong>kupi\u0107<\/strong> stare czasopisma, wydania polskie i zagraniczne?\u00a0 <\/span><\/p><p style=\"text-align: center;\"><span style=\"font-family: georgia, palatino, serif; color: #000000;\">Zajrzyj koniecznie na moje kana\u0142y sprzeda\u017cy.\u00a0<\/span><\/p>\t\t\t\t\t\t\t\t<\/div>\n\t\t\t\t<div class=\"elementor-element elementor-element-3f15a7f elementor-widget-divider--view-line elementor-widget elementor-widget-divider\" data-id=\"3f15a7f\" data-element_type=\"widget\" data-widget_type=\"divider.default\">\n\t\t\t\t\t\t\t<div class=\"elementor-divider\">\n\t\t\t<span class=\"elementor-divider-separator\">\n\t\t\t\t\t\t<\/span>\n\t\t<\/div>\n\t\t\t\t\t\t<\/div>\n\t\t\t\t\t<\/div>\n\t\t<\/div>\n\t\t\t\t\t<\/div>\n\t\t<\/section>\n\t\t\t\t<section class=\"elementor-section elementor-top-section elementor-element elementor-element-f619f96 elementor-section-boxed elementor-section-height-default elementor-section-height-default\" data-id=\"f619f96\" data-element_type=\"section\">\n\t\t\t\t\t\t<div class=\"elementor-container elementor-column-gap-default\">\n\t\t\t\t\t<div class=\"elementor-column elementor-col-100 elementor-top-column elementor-element elementor-element-080b559\" data-id=\"080b559\" data-element_type=\"column\">\n\t\t\t<div class=\"elementor-widget-wrap elementor-element-populated\">\n\t\t\t\t\t\t<div class=\"elementor-element elementor-element-48f53c1 elementor-widget elementor-widget-image\" data-id=\"48f53c1\" data-element_type=\"widget\" data-widget_type=\"image.default\">\n\t\t\t\t\t\t\t\t\t\t\t\t\t\t\t<img fetchpriority=\"high\" decoding=\"async\" width=\"1000\" height=\"1000\" src=\"https:\/\/kiosksentymentalny.pl\/wp-content\/uploads\/2023\/11\/Kiosk-Sentymentalny-Sklep.webp\" class=\"attachment-large size-large wp-image-2209\" alt=\"Kiosk Sentymentalny - Sklep\" srcset=\"https:\/\/kiosksentymentalny.pl\/wp-content\/uploads\/2023\/11\/Kiosk-Sentymentalny-Sklep.webp 1024w, https:\/\/kiosksentymentalny.pl\/wp-content\/uploads\/2023\/11\/Kiosk-Sentymentalny-Sklep-300x300.webp 300w, https:\/\/kiosksentymentalny.pl\/wp-content\/uploads\/2023\/11\/Kiosk-Sentymentalny-Sklep-150x150.webp 150w, https:\/\/kiosksentymentalny.pl\/wp-content\/uploads\/2023\/11\/Kiosk-Sentymentalny-Sklep-768x768.webp 768w, https:\/\/kiosksentymentalny.pl\/wp-content\/uploads\/2023\/11\/Kiosk-Sentymentalny-Sklep-500x500.webp 500w, https:\/\/kiosksentymentalny.pl\/wp-content\/uploads\/2023\/11\/Kiosk-Sentymentalny-Sklep-800x800.webp 800w, https:\/\/kiosksentymentalny.pl\/wp-content\/uploads\/2023\/11\/Kiosk-Sentymentalny-Sklep-144x144.webp 144w\" sizes=\"(max-width: 1000px) 100vw, 1000px\" \/>\t\t\t\t\t\t\t\t\t\t\t\t\t\t\t<\/div>\n\t\t\t\t\t<\/div>\n\t\t<\/div>\n\t\t\t\t\t<\/div>\n\t\t<\/section>\n\t\t\t\t<section class=\"elementor-section elementor-top-section elementor-element elementor-element-883b89c elementor-section-boxed elementor-section-height-default elementor-section-height-default\" data-id=\"883b89c\" data-element_type=\"section\">\n\t\t\t\t\t\t<div class=\"elementor-container elementor-column-gap-default\">\n\t\t\t\t\t<div class=\"elementor-column elementor-col-100 elementor-top-column elementor-element elementor-element-4c11d0c\" data-id=\"4c11d0c\" data-element_type=\"column\">\n\t\t\t<div class=\"elementor-widget-wrap elementor-element-populated\">\n\t\t\t\t\t\t<div class=\"elementor-element elementor-element-f967292 elementor-button-success elementor-align-center elementor-widget elementor-widget-button\" data-id=\"f967292\" data-element_type=\"widget\" data-widget_type=\"button.default\">\n\t\t\t\t\t\t\t\t\t\t<a class=\"elementor-button elementor-button-link elementor-size-sm elementor-animation-grow\" href=\"https:\/\/allegro.pl\/uzytkownik\/BasiaKamil\" target=\"_blank\">\n\t\t\t\t\t\t<span class=\"elementor-button-content-wrapper\">\n\t\t\t\t\t\t\t\t\t<span class=\"elementor-button-text\">Allegro<\/span>\n\t\t\t\t\t<\/span>\n\t\t\t\t\t<\/a>\n\t\t\t\t\t\t\t\t<\/div>\n\t\t\t\t\t<\/div>\n\t\t<\/div>\n\t\t\t\t\t<\/div>\n\t\t<\/section>\n\t\t\t\t<section class=\"elementor-section elementor-top-section elementor-element elementor-element-548bc4d elementor-section-boxed elementor-section-height-default elementor-section-height-default\" data-id=\"548bc4d\" data-element_type=\"section\">\n\t\t\t\t\t\t<div class=\"elementor-container elementor-column-gap-default\">\n\t\t\t\t\t<div class=\"elementor-column elementor-col-100 elementor-top-column elementor-element elementor-element-769dd17\" data-id=\"769dd17\" data-element_type=\"column\">\n\t\t\t<div class=\"elementor-widget-wrap elementor-element-populated\">\n\t\t\t\t\t\t<div class=\"elementor-element elementor-element-5b384ef elementor-button-success elementor-align-center elementor-widget elementor-widget-button\" data-id=\"5b384ef\" data-element_type=\"widget\" data-widget_type=\"button.default\">\n\t\t\t\t\t\t\t\t\t\t<a class=\"elementor-button elementor-button-link elementor-size-sm elementor-animation-grow\" href=\"https:\/\/www.olx.pl\/oferty\/uzytkownik\/1Q7aOp\/\" target=\"_blank\">\n\t\t\t\t\t\t<span class=\"elementor-button-content-wrapper\">\n\t\t\t\t\t\t\t\t\t<span class=\"elementor-button-text\">Olx<\/span>\n\t\t\t\t\t<\/span>\n\t\t\t\t\t<\/a>\n\t\t\t\t\t\t\t\t<\/div>\n\t\t\t\t\t<\/div>\n\t\t<\/div>\n\t\t\t\t\t<\/div>\n\t\t<\/section>\n\t\t\t\t<section class=\"elementor-section elementor-top-section elementor-element elementor-element-e46175e elementor-section-boxed elementor-section-height-default elementor-section-height-default\" data-id=\"e46175e\" data-element_type=\"section\">\n\t\t\t\t\t\t<div class=\"elementor-container elementor-column-gap-default\">\n\t\t\t\t\t<div class=\"elementor-column elementor-col-100 elementor-top-column elementor-element elementor-element-22af1ef\" data-id=\"22af1ef\" data-element_type=\"column\">\n\t\t\t<div class=\"elementor-widget-wrap elementor-element-populated\">\n\t\t\t\t\t\t<div class=\"elementor-element elementor-element-a24ff58 elementor-widget elementor-widget-spacer\" data-id=\"a24ff58\" data-element_type=\"widget\" data-widget_type=\"spacer.default\">\n\t\t\t\t\t\t\t<div class=\"elementor-spacer\">\n\t\t\t<div class=\"elementor-spacer-inner\"><\/div>\n\t\t<\/div>\n\t\t\t\t\t\t<\/div>\n\t\t\t\t\t<\/div>\n\t\t<\/div>\n\t\t\t\t\t<\/div>\n\t\t<\/section>\n\t\t\t\t<section class=\"elementor-section elementor-top-section elementor-element elementor-element-9063e9c elementor-section-boxed elementor-section-height-default elementor-section-height-default\" data-id=\"9063e9c\" data-element_type=\"section\">\n\t\t\t\t\t\t<div class=\"elementor-container elementor-column-gap-default\">\n\t\t\t\t\t<div class=\"elementor-column elementor-col-100 elementor-top-column elementor-element elementor-element-9986e68\" data-id=\"9986e68\" data-element_type=\"column\">\n\t\t\t<div class=\"elementor-widget-wrap elementor-element-populated\">\n\t\t\t\t\t\t<div class=\"elementor-element elementor-element-959eed3 elementor-widget elementor-widget-text-editor\" data-id=\"959eed3\" data-element_type=\"widget\" data-widget_type=\"text-editor.default\">\n\t\t\t\t\t\t\t\t\t<p style=\"text-align: center;\"><span style=\"font-family: georgia, palatino, serif; color: #000000;\">A mo\u017ce masz stare pisma, kt\u00f3rych chcia\u0142by\u015b si\u0119 pozby\u0107? <\/span><br \/><br \/><span style=\"font-family: georgia, palatino, serif; color: #000000;\">Napisz. <\/span><br \/><br \/><span style=\"font-family: georgia, palatino, serif; color: #000000;\">Ch\u0119tnie <strong>kupi\u0119<\/strong>.<\/span><\/p>\t\t\t\t\t\t\t\t<\/div>\n\t\t\t\t\t<\/div>\n\t\t<\/div>\n\t\t\t\t\t<\/div>\n\t\t<\/section>\n\t\t\t\t<section class=\"elementor-section elementor-top-section elementor-element elementor-element-2644ac4 elementor-section-boxed elementor-section-height-default elementor-section-height-default\" data-id=\"2644ac4\" data-element_type=\"section\">\n\t\t\t\t\t\t<div class=\"elementor-container elementor-column-gap-default\">\n\t\t\t\t\t<div class=\"elementor-column elementor-col-100 elementor-top-column elementor-element elementor-element-91ecd78\" data-id=\"91ecd78\" data-element_type=\"column\">\n\t\t\t<div class=\"elementor-widget-wrap elementor-element-populated\">\n\t\t\t\t\t\t<div class=\"elementor-element elementor-element-fb07029 elementor-widget elementor-widget-spacer\" data-id=\"fb07029\" data-element_type=\"widget\" data-widget_type=\"spacer.default\">\n\t\t\t\t\t\t\t<div class=\"elementor-spacer\">\n\t\t\t<div class=\"elementor-spacer-inner\"><\/div>\n\t\t<\/div>\n\t\t\t\t\t\t<\/div>\n\t\t\t\t\t<\/div>\n\t\t<\/div>\n\t\t\t\t\t<\/div>\n\t\t<\/section>\n\t\t\t\t<\/div>\n\t\t","protected":false},"excerpt":{"rendered":"<p>Chcesz kupi\u0107 stare czasopisma, wydania polskie i zagraniczne?\u00a0 Zajrzyj koniecznie na moje kana\u0142y sprzeda\u017cy.\u00a0 Allegro Olx A mo\u017ce masz stare pisma, kt\u00f3rych chcia\u0142by\u015b si\u0119 pozby\u0107? Napisz. Ch\u0119tnie kupi\u0119.<\/p>\n","protected":false},"author":1,"featured_media":0,"parent":0,"menu_order":0,"comment_status":"closed","ping_status":"closed","template":"","meta":{"two_page_speed":[],"footnotes":""},"class_list":["post-24","page","type-page","status-publish","hentry"],"yoast_head":"<!-- This site is optimized with the Yoast SEO plugin v23.6 - https:\/\/yoast.com\/wordpress\/plugins\/seo\/ -->\n<title>Sklep - Kiosk Sentymentalny<\/title>\n<meta name=\"robots\" content=\"index, follow, max-snippet:-1, max-image-preview:large, max-video-preview:-1\" \/>\n<link rel=\"canonical\" href=\"https:\/\/kiosksentymentalny.pl\/index.php\/outlet\/\" \/>\n<meta property=\"og:locale\" content=\"pl_PL\" \/>\n<meta property=\"og:type\" content=\"article\" \/>\n<meta property=\"og:title\" content=\"Sklep - Kiosk Sentymentalny\" \/>\n<meta property=\"og:description\" content=\"Chcesz kupi\u0107 stare czasopisma, wydania polskie i zagraniczne?\u00a0 Zajrzyj koniecznie na moje kana\u0142y sprzeda\u017cy.\u00a0 Allegro Olx A mo\u017ce masz stare pisma, kt\u00f3rych chcia\u0142by\u015b si\u0119 pozby\u0107? Napisz. Ch\u0119tnie kupi\u0119.\" \/>\n<meta property=\"og:url\" content=\"https:\/\/kiosksentymentalny.pl\/index.php\/outlet\/\" \/>\n<meta property=\"og:site_name\" content=\"Kiosk Sentymentalny\" \/>\n<meta property=\"article:publisher\" content=\"https:\/\/www.facebook.com\/kiosksentymentalny\/\" \/>\n<meta property=\"article:modified_time\" content=\"2023-11-03T15:58:28+00:00\" \/>\n<meta property=\"og:image\" content=\"https:\/\/kiosksentymentalny.pl\/wp-content\/uploads\/2023\/11\/Kiosk-Sentymentalny-Sklep.webp\" \/>\n<meta name=\"twitter:card\" content=\"summary_large_image\" \/>\n<script type=\"application\/ld+json\" class=\"yoast-schema-graph\">{\"@context\":\"https:\/\/schema.org\",\"@graph\":[{\"@type\":\"WebPage\",\"@id\":\"https:\/\/kiosksentymentalny.pl\/index.php\/outlet\/\",\"url\":\"https:\/\/kiosksentymentalny.pl\/index.php\/outlet\/\",\"name\":\"Sklep - Kiosk Sentymentalny\",\"isPartOf\":{\"@id\":\"https:\/\/kiosksentymentalny.pl\/#website\"},\"primaryImageOfPage\":{\"@id\":\"https:\/\/kiosksentymentalny.pl\/index.php\/outlet\/#primaryimage\"},\"image\":{\"@id\":\"https:\/\/kiosksentymentalny.pl\/index.php\/outlet\/#primaryimage\"},\"thumbnailUrl\":\"https:\/\/kiosksentymentalny.pl\/wp-content\/uploads\/2023\/11\/Kiosk-Sentymentalny-Sklep.webp\",\"datePublished\":\"2022-03-24T18:53:02+00:00\",\"dateModified\":\"2023-11-03T15:58:28+00:00\",\"breadcrumb\":{\"@id\":\"https:\/\/kiosksentymentalny.pl\/index.php\/outlet\/#breadcrumb\"},\"inLanguage\":\"pl-PL\",\"potentialAction\":[{\"@type\":\"ReadAction\",\"target\":[\"https:\/\/kiosksentymentalny.pl\/index.php\/outlet\/\"]}]},{\"@type\":\"ImageObject\",\"inLanguage\":\"pl-PL\",\"@id\":\"https:\/\/kiosksentymentalny.pl\/index.php\/outlet\/#primaryimage\",\"url\":\"https:\/\/kiosksentymentalny.pl\/wp-content\/uploads\/2023\/11\/Kiosk-Sentymentalny-Sklep.webp\",\"contentUrl\":\"https:\/\/kiosksentymentalny.pl\/wp-content\/uploads\/2023\/11\/Kiosk-Sentymentalny-Sklep.webp\",\"width\":1024,\"height\":1024,\"caption\":\"Kiosk Sentymentalny - Sklep\"},{\"@type\":\"BreadcrumbList\",\"@id\":\"https:\/\/kiosksentymentalny.pl\/index.php\/outlet\/#breadcrumb\",\"itemListElement\":[{\"@type\":\"ListItem\",\"position\":1,\"name\":\"Strona g\u0142\u00f3wna\",\"item\":\"https:\/\/kiosksentymentalny.pl\/\"},{\"@type\":\"ListItem\",\"position\":2,\"name\":\"Sklep\"}]},{\"@type\":\"WebSite\",\"@id\":\"https:\/\/kiosksentymentalny.pl\/#website\",\"url\":\"https:\/\/kiosksentymentalny.pl\/\",\"name\":\"Kiosk Sentymentalny\",\"description\":\"Kultowe czasopisma sprzed lat\",\"publisher\":{\"@id\":\"https:\/\/kiosksentymentalny.pl\/#organization\"},\"potentialAction\":[{\"@type\":\"SearchAction\",\"target\":{\"@type\":\"EntryPoint\",\"urlTemplate\":\"https:\/\/kiosksentymentalny.pl\/?s={search_term_string}\"},\"query-input\":{\"@type\":\"PropertyValueSpecification\",\"valueRequired\":true,\"valueName\":\"search_term_string\"}}],\"inLanguage\":\"pl-PL\"},{\"@type\":\"Organization\",\"@id\":\"https:\/\/kiosksentymentalny.pl\/#organization\",\"name\":\"Kiosk Sentymentalny\",\"url\":\"https:\/\/kiosksentymentalny.pl\/\",\"logo\":{\"@type\":\"ImageObject\",\"inLanguage\":\"pl-PL\",\"@id\":\"https:\/\/kiosksentymentalny.pl\/#\/schema\/logo\/image\/\",\"url\":\"https:\/\/kiosksentymentalny.pl\/wp-content\/uploads\/2022\/03\/cropped-logo2_23_8329-1.png\",\"contentUrl\":\"https:\/\/kiosksentymentalny.pl\/wp-content\/uploads\/2022\/03\/cropped-logo2_23_8329-1.png\",\"width\":1900,\"height\":950,\"caption\":\"Kiosk Sentymentalny\"},\"image\":{\"@id\":\"https:\/\/kiosksentymentalny.pl\/#\/schema\/logo\/image\/\"},\"sameAs\":[\"https:\/\/www.facebook.com\/kiosksentymentalny\/\",\"https:\/\/www.instagram.com\/kiosksentymentalny\/\",\"https:\/\/www.tiktok.com\/@kiosksentymentalny\"]}]}<\/script>\n<!-- \/ Yoast SEO plugin. -->","yoast_head_json":{"title":"Sklep - Kiosk Sentymentalny","robots":{"index":"index","follow":"follow","max-snippet":"max-snippet:-1","max-image-preview":"max-image-preview:large","max-video-preview":"max-video-preview:-1"},"canonical":"https:\/\/kiosksentymentalny.pl\/index.php\/outlet\/","og_locale":"pl_PL","og_type":"article","og_title":"Sklep - Kiosk Sentymentalny","og_description":"Chcesz kupi\u0107 stare czasopisma, wydania polskie i zagraniczne?\u00a0 Zajrzyj koniecznie na moje kana\u0142y sprzeda\u017cy.\u00a0 Allegro Olx A mo\u017ce masz stare pisma, kt\u00f3rych chcia\u0142by\u015b si\u0119 pozby\u0107? Napisz. Ch\u0119tnie kupi\u0119.","og_url":"https:\/\/kiosksentymentalny.pl\/index.php\/outlet\/","og_site_name":"Kiosk Sentymentalny","article_publisher":"https:\/\/www.facebook.com\/kiosksentymentalny\/","article_modified_time":"2023-11-03T15:58:28+00:00","og_image":[{"url":"https:\/\/kiosksentymentalny.pl\/wp-content\/uploads\/2023\/11\/Kiosk-Sentymentalny-Sklep.webp"}],"twitter_card":"summary_large_image","schema":{"@context":"https:\/\/schema.org","@graph":[{"@type":"WebPage","@id":"https:\/\/kiosksentymentalny.pl\/index.php\/outlet\/","url":"https:\/\/kiosksentymentalny.pl\/index.php\/outlet\/","name":"Sklep - Kiosk Sentymentalny","isPartOf":{"@id":"https:\/\/kiosksentymentalny.pl\/#website"},"primaryImageOfPage":{"@id":"https:\/\/kiosksentymentalny.pl\/index.php\/outlet\/#primaryimage"},"image":{"@id":"https:\/\/kiosksentymentalny.pl\/index.php\/outlet\/#primaryimage"},"thumbnailUrl":"https:\/\/kiosksentymentalny.pl\/wp-content\/uploads\/2023\/11\/Kiosk-Sentymentalny-Sklep.webp","datePublished":"2022-03-24T18:53:02+00:00","dateModified":"2023-11-03T15:58:28+00:00","breadcrumb":{"@id":"https:\/\/kiosksentymentalny.pl\/index.php\/outlet\/#breadcrumb"},"inLanguage":"pl-PL","potentialAction":[{"@type":"ReadAction","target":["https:\/\/kiosksentymentalny.pl\/index.php\/outlet\/"]}]},{"@type":"ImageObject","inLanguage":"pl-PL","@id":"https:\/\/kiosksentymentalny.pl\/index.php\/outlet\/#primaryimage","url":"https:\/\/kiosksentymentalny.pl\/wp-content\/uploads\/2023\/11\/Kiosk-Sentymentalny-Sklep.webp","contentUrl":"https:\/\/kiosksentymentalny.pl\/wp-content\/uploads\/2023\/11\/Kiosk-Sentymentalny-Sklep.webp","width":1024,"height":1024,"caption":"Kiosk Sentymentalny - Sklep"},{"@type":"BreadcrumbList","@id":"https:\/\/kiosksentymentalny.pl\/index.php\/outlet\/#breadcrumb","itemListElement":[{"@type":"ListItem","position":1,"name":"Strona g\u0142\u00f3wna","item":"https:\/\/kiosksentymentalny.pl\/"},{"@type":"ListItem","position":2,"name":"Sklep"}]},{"@type":"WebSite","@id":"https:\/\/kiosksentymentalny.pl\/#website","url":"https:\/\/kiosksentymentalny.pl\/","name":"Kiosk Sentymentalny","description":"Kultowe czasopisma sprzed lat","publisher":{"@id":"https:\/\/kiosksentymentalny.pl\/#organization"},"potentialAction":[{"@type":"SearchAction","target":{"@type":"EntryPoint","urlTemplate":"https:\/\/kiosksentymentalny.pl\/?s={search_term_string}"},"query-input":{"@type":"PropertyValueSpecification","valueRequired":true,"valueName":"search_term_string"}}],"inLanguage":"pl-PL"},{"@type":"Organization","@id":"https:\/\/kiosksentymentalny.pl\/#organization","name":"Kiosk Sentymentalny","url":"https:\/\/kiosksentymentalny.pl\/","logo":{"@type":"ImageObject","inLanguage":"pl-PL","@id":"https:\/\/kiosksentymentalny.pl\/#\/schema\/logo\/image\/","url":"https:\/\/kiosksentymentalny.pl\/wp-content\/uploads\/2022\/03\/cropped-logo2_23_8329-1.png","contentUrl":"https:\/\/kiosksentymentalny.pl\/wp-content\/uploads\/2022\/03\/cropped-logo2_23_8329-1.png","width":1900,"height":950,"caption":"Kiosk Sentymentalny"},"image":{"@id":"https:\/\/kiosksentymentalny.pl\/#\/schema\/logo\/image\/"},"sameAs":["https:\/\/www.facebook.com\/kiosksentymentalny\/","https:\/\/www.instagram.com\/kiosksentymentalny\/","https:\/\/www.tiktok.com\/@kiosksentymentalny"]}]}},"_links":{"self":[{"href":"https:\/\/kiosksentymentalny.pl\/index.php\/wp-json\/wp\/v2\/pages\/24"}],"collection":[{"href":"https:\/\/kiosksentymentalny.pl\/index.php\/wp-json\/wp\/v2\/pages"}],"about":[{"href":"https:\/\/kiosksentymentalny.pl\/index.php\/wp-json\/wp\/v2\/types\/page"}],"author":[{"embeddable":true,"href":"https:\/\/kiosksentymentalny.pl\/index.php\/wp-json\/wp\/v2\/users\/1"}],"replies":[{"embeddable":true,"href":"https:\/\/kiosksentymentalny.pl\/index.php\/wp-json\/wp\/v2\/comments?post=24"}],"version-history":[{"count":8,"href":"https:\/\/kiosksentymentalny.pl\/index.php\/wp-json\/wp\/v2\/pages\/24\/revisions"}],"predecessor-version":[{"id":2217,"href":"https:\/\/kiosksentymentalny.pl\/index.php\/wp-json\/wp\/v2\/pages\/24\/revisions\/2217"}],"wp:attachment":[{"href":"https:\/\/kiosksentymentalny.pl\/index.php\/wp-json\/wp\/v2\/media?parent=24"}],"curies":[{"name":"wp","href":"https:\/\/api.w.org\/{rel}","templated":true}]}}